{"id":298,"date":"2023-12-14T09:48:43","date_gmt":"2023-12-14T09:48:43","guid":{"rendered":"http:\/\/demainjememarie.com\/?page_id=298"},"modified":"2023-12-18T11:51:53","modified_gmt":"2023-12-18T11:51:53","slug":"le-retro-planning","status":"publish","type":"page","link":"http:\/\/demainjememarie.com\/?page_id=298","title":{"rendered":"Le r\u00e9tro-planning"},"content":{"rendered":"<p><div class=\"fusion-fullwidth fullwidth-box fusion-builder-row-1 fusion-flex-container has-pattern-background has-mask-background nonhundred-percent-fullwidth non-hundred-percent-height-scrolling\" style=\"--awb-border-radius-top-left:0px;--awb-border-radius-top-right:0px;--awb-border-radius-bottom-right:0px;--awb-border-radius-bottom-left:0px;--awb-flex-wrap:wrap;\" ><div class=\"fusion-builder-row fusion-row fusion-flex-align-items-flex-start fusion-flex-content-wrap\" style=\"max-width:1248px;margin-left: calc(-4% \/ 2 );margin-right: calc(-4% \/ 2 );\"><div class=\"fusion-layout-column fusion_builder_column fusion-builder-column-0 fusion_builder_column_1_1 1_1 fusion-flex-column\" style=\"--awb-bg-size:cover;--awb-width-large:100%;--awb-margin-top-large:0px;--awb-spacing-right-large:1.92%;--awb-margin-bottom-large:20px;--awb-spacing-left-large:1.92%;--awb-width-medium:100%;--awb-order-medium:0;--awb-spacing-right-medium:1.92%;--awb-spacing-left-medium:1.92%;--awb-width-small:100%;--awb-order-small:0;--awb-spacing-right-small:1.92%;--awb-spacing-left-small:1.92%;\"><div class=\"fusion-column-wrapper fusion-column-has-shadow fusion-flex-justify-content-flex-start fusion-content-layout-column\"><div class=\"fusion-image-element \" style=\"text-align:center;--awb-caption-title-font-family:var(--h2_typography-font-family);--awb-caption-title-font-weight:var(--h2_typography-font-weight);--awb-caption-title-font-style:var(--h2_typography-font-style);--awb-caption-title-size:var(--h2_typography-font-size);--awb-caption-title-transform:var(--h2_typography-text-transform);--awb-caption-title-line-height:var(--h2_typography-line-height);--awb-caption-title-letter-spacing:var(--h2_typography-letter-spacing);\"><span class=\" fusion-imageframe imageframe-none imageframe-1 hover-type-none\"><img decoding=\"async\" width=\"150\" height=\"150\" title=\"Retroplanning-1\" src=\"http:\/\/demainjememarie.com\/wp-content\/uploads\/2023\/12\/Retroplanning-1-150x150.png\" alt class=\"img-responsive wp-image-69\" srcset=\"http:\/\/demainjememarie.com\/wp-content\/uploads\/2023\/12\/Retroplanning-1-150x150.png 150w, http:\/\/demainjememarie.com\/wp-content\/uploads\/2023\/12\/Retroplanning-1-200x200.png 200w, http:\/\/demainjememarie.com\/wp-content\/uploads\/2023\/12\/Retroplanning-1-300x300.png 300w, http:\/\/demainjememarie.com\/wp-content\/uploads\/2023\/12\/Retroplanning-1-500x500.png 500w, http:\/\/demainjememarie.com\/wp-content\/uploads\/2023\/12\/Retroplanning-1-700x700.png 700w, http:\/\/demainjememarie.com\/wp-content\/uploads\/2023\/12\/Retroplanning-1-768x768.png 768w, http:\/\/demainjememarie.com\/wp-content\/uploads\/2023\/12\/Retroplanning-1-1024x1024.png 1024w, http:\/\/demainjememarie.com\/wp-content\/uploads\/2023\/12\/Retroplanning-1-1536x1536.png 1536w\" sizes=\"(max-width: 150px) 100vw, 150px\" \/><\/span><\/div><div class=\"fusion-title title fusion-title-1 fusion-sep-none fusion-title-text fusion-title-size-one\" style=\"--awb-margin-top-small:10px;--awb-margin-right-small:0px;--awb-margin-bottom-small:10px;--awb-margin-left-small:0px;\"><h1 class=\"fusion-title-heading title-heading-left sm-text-align-center\" style=\"margin:0;\"><p style=\"text-align: center;\">Le R\u00e9tro-planning<\/p><\/h1><\/div><\/div><\/div><\/div><\/div><div class=\"fusion-fullwidth fullwidth-box fusion-builder-row-2 fusion-flex-container has-pattern-background has-mask-background nonhundred-percent-fullwidth non-hundred-percent-height-scrolling\" style=\"--awb-border-radius-top-left:0px;--awb-border-radius-top-right:0px;--awb-border-radius-bottom-right:0px;--awb-border-radius-bottom-left:0px;--awb-flex-wrap:wrap;\" ><div class=\"fusion-builder-row fusion-row fusion-flex-align-items-flex-start fusion-flex-content-wrap\" style=\"max-width:1248px;margin-left: calc(-4% \/ 2 );margin-right: calc(-4% \/ 2 );\"><div class=\"fusion-layout-column fusion_builder_column fusion-builder-column-1 fusion_builder_column_1_1 1_1 fusion-flex-column\" style=\"--awb-bg-size:cover;--awb-width-large:100%;--awb-margin-top-large:0px;--awb-spacing-right-large:1.92%;--awb-margin-bottom-large:20px;--awb-spacing-left-large:1.92%;--awb-width-medium:100%;--awb-order-medium:0;--awb-spacing-right-medium:1.92%;--awb-spacing-left-medium:1.92%;--awb-width-small:100%;--awb-order-small:0;--awb-spacing-right-small:1.92%;--awb-spacing-left-small:1.92%;\"><div class=\"fusion-column-wrapper fusion-column-has-shadow fusion-flex-justify-content-flex-start fusion-content-layout-column\"><\/div><\/div><div class=\"fusion-layout-column fusion_builder_column fusion-builder-column-2 fusion_builder_column_1_2 1_2 fusion-flex-column\" style=\"--awb-bg-size:cover;--awb-width-large:50%;--awb-margin-top-large:0px;--awb-spacing-right-large:3.84%;--awb-margin-bottom-large:20px;--awb-spacing-left-large:3.84%;--awb-width-medium:50%;--awb-order-medium:0;--awb-spacing-right-medium:3.84%;--awb-spacing-left-medium:3.84%;--awb-width-small:100%;--awb-order-small:0;--awb-spacing-right-small:1.92%;--awb-spacing-left-small:1.92%;\"><div class=\"fusion-column-wrapper fusion-column-has-shadow fusion-flex-justify-content-flex-start fusion-content-layout-column\"><div class=\"fusion-text fusion-text-1\"><p>Pour simplifier l&rsquo;organisation, nous vous proposons de le faire en quatre \u00e9tapes. Celles qui prennent le plus de temps, qui demandent le plus de r\u00e9flection ou encore qui demandent, comme pour le choix de la salle, une disponibilit\u00e9 des lieux sont \u00e0 pr\u00e9voir bien avant les prestation plus imm\u00e9diates du coiffeur ou de la manucure.<\/p>\n<p>En certains cas et pour les lieux fortement demand\u00e9s, n&rsquo;h\u00e9sitez pas \u00e0 vous y prendre parfois jusqu&rsquo;\u00e0 2 ans \u00e0 l&rsquo;avance&#8230;<\/p>\n<p>De la m\u00eame fa\u00e7on si vous craquez pour le travail d&rsquo;un photographe ou que vous avez ador\u00e9 la prestation du DJ lors d&rsquo;un mariage o\u00f9 vous \u00e9tiez invit\u00e9s, prenez d&rsquo;abord rendez-vous avec lui afin de caler les dates et d&rsquo;\u00eatre certain qu&rsquo;il soit disponible.<\/p>\n<\/div><\/div><\/div><div class=\"fusion-layout-column fusion_builder_column fusion-builder-column-3 fusion_builder_column_1_2 1_2 fusion-flex-column\" style=\"--awb-bg-size:cover;--awb-width-large:50%;--awb-margin-top-large:0px;--awb-spacing-right-large:3.84%;--awb-margin-bottom-large:20px;--awb-spacing-left-large:3.84%;--awb-width-medium:50%;--awb-order-medium:0;--awb-spacing-right-medium:3.84%;--awb-spacing-left-medium:3.84%;--awb-width-small:100%;--awb-order-small:0;--awb-spacing-right-small:1.92%;--awb-spacing-left-small:1.92%;\"><div class=\"fusion-column-wrapper fusion-column-has-shadow fusion-flex-justify-content-flex-start fusion-content-layout-column\"><div class=\"fusion-text fusion-text-2\"><p>Votre mariage est unique, il doit vous ressembler, c&rsquo;est donc \u00e0 vous de faire vos choix et de privil\u00e9gier certains aspects. Vous n&rsquo;\u00eates nullement oblig\u00e9\u00a0\u00bbs de suivre notre timing \u00e0 la minute, ce ne sont que des conseils, certains organisent leur mariage en une semaine ou en un mois, d&rsquo;autres ont besoin de deux ann\u00e9es&#8230;<\/p>\n<p>Pour les th\u00e8mes que nous abordons, c&rsquo;est pareil, vous n&rsquo;\u00eates en aucun cas oblig\u00e9s de tout pr\u00e9voir, nous vous donnons simplement les fruits de notre exp\u00e9rience si vous d\u00e9sirez organiser tel ou tel aspect de votre \u00e9v\u00e8nement. Certains d&rsquo;entre vous n&rsquo;auront cure des enfants ou des animaux, d&rsquo;autres auront \u00e0 coeur de pr\u00e9voir un bus et un h\u00f4tel pour que les invit\u00e9s soient unis et se logent en toute s\u00e9curit\u00e9. Chacun fera les choix qu&rsquo;il juge n\u00e9cessaire. Le mariage id\u00e9al n&rsquo;existe pas, seul compte qu&rsquo;il vous ressemble et que vous soyez heureux!<\/p>\n<\/div><\/div><\/div><\/div><\/div><div class=\"fusion-fullwidth fullwidth-box fusion-builder-row-3 fusion-flex-container has-pattern-background has-mask-background nonhundred-percent-fullwidth non-hundred-percent-height-scrolling\" style=\"--awb-border-radius-top-left:0px;--awb-border-radius-top-right:0px;--awb-border-radius-bottom-right:0px;--awb-border-radius-bottom-left:0px;--awb-flex-wrap:wrap;\" ><div class=\"fusion-builder-row fusion-row fusion-flex-align-items-flex-start fusion-flex-content-wrap\" style=\"max-width:1248px;margin-left: calc(-4% \/ 2 );margin-right: calc(-4% \/ 2 );\"><div class=\"fusion-layout-column fusion_builder_column fusion-builder-column-4 fusion_builder_column_1_4 1_4 fusion-flex-column\" style=\"--awb-bg-size:cover;--awb-width-large:25%;--awb-margin-top-large:0px;--awb-spacing-right-large:7.68%;--awb-margin-bottom-large:20px;--awb-spacing-left-large:7.68%;--awb-width-medium:25%;--awb-order-medium:0;--awb-spacing-right-medium:7.68%;--awb-spacing-left-medium:7.68%;--awb-width-small:100%;--awb-order-small:0;--awb-spacing-right-small:1.92%;--awb-spacing-left-small:1.92%;\"><div class=\"fusion-column-wrapper fusion-column-has-shadow fusion-flex-justify-content-flex-start fusion-content-layout-column\"><div class=\"fusion-image-element \" style=\"text-align:center;--awb-caption-title-font-family:var(--h2_typography-font-family);--awb-caption-title-font-weight:var(--h2_typography-font-weight);--awb-caption-title-font-style:var(--h2_typography-font-style);--awb-caption-title-size:var(--h2_typography-font-size);--awb-caption-title-transform:var(--h2_typography-text-transform);--awb-caption-title-line-height:var(--h2_typography-line-height);--awb-caption-title-letter-spacing:var(--h2_typography-letter-spacing);\"><span class=\" fusion-imageframe imageframe-none imageframe-2 hover-type-none\"><a class=\"fusion-no-lightbox\" href=\"http:\/\/demainjememarie.com\/12-mois-a-8-mois\" target=\"_self\" aria-label=\"12-8mois\"><img decoding=\"async\" width=\"150\" height=\"150\" src=\"http:\/\/demainjememarie.com\/wp-content\/uploads\/2023\/12\/12-8mois-150x150.png\" alt class=\"img-responsive wp-image-91\" srcset=\"http:\/\/demainjememarie.com\/wp-content\/uploads\/2023\/12\/12-8mois-150x150.png 150w, http:\/\/demainjememarie.com\/wp-content\/uploads\/2023\/12\/12-8mois-200x200.png 200w\" sizes=\"(max-width: 150px) 100vw, 150px\" \/><\/a><\/span><\/div><\/div><\/div><div class=\"fusion-layout-column fusion_builder_column fusion-builder-column-5 fusion_builder_column_1_4 1_4 fusion-flex-column\" style=\"--awb-bg-size:cover;--awb-width-large:25%;--awb-margin-top-large:0px;--awb-spacing-right-large:7.68%;--awb-margin-bottom-large:20px;--awb-spacing-left-large:7.68%;--awb-width-medium:25%;--awb-order-medium:0;--awb-spacing-right-medium:7.68%;--awb-spacing-left-medium:7.68%;--awb-width-small:100%;--awb-order-small:0;--awb-spacing-right-small:1.92%;--awb-spacing-left-small:1.92%;\"><div class=\"fusion-column-wrapper fusion-column-has-shadow fusion-flex-justify-content-flex-start fusion-content-layout-column\"><div class=\"fusion-image-element \" style=\"text-align:center;--awb-caption-title-font-family:var(--h2_typography-font-family);--awb-caption-title-font-weight:var(--h2_typography-font-weight);--awb-caption-title-font-style:var(--h2_typography-font-style);--awb-caption-title-size:var(--h2_typography-font-size);--awb-caption-title-transform:var(--h2_typography-text-transform);--awb-caption-title-line-height:var(--h2_typography-line-height);--awb-caption-title-letter-spacing:var(--h2_typography-letter-spacing);\"><span class=\" fusion-imageframe imageframe-none imageframe-3 hover-type-none\"><a class=\"fusion-no-lightbox\" href=\"http:\/\/demainjememarie.com\/6-mois-a-4-mois\" target=\"_self\" aria-label=\"6-4mois\"><img decoding=\"async\" width=\"150\" height=\"150\" src=\"http:\/\/demainjememarie.com\/wp-content\/uploads\/2023\/12\/6-4mois-150x150.png\" alt class=\"img-responsive wp-image-90\" srcset=\"http:\/\/demainjememarie.com\/wp-content\/uploads\/2023\/12\/6-4mois-150x150.png 150w, http:\/\/demainjememarie.com\/wp-content\/uploads\/2023\/12\/6-4mois-200x200.png 200w\" sizes=\"(max-width: 150px) 100vw, 150px\" \/><\/a><\/span><\/div><\/div><\/div><div class=\"fusion-layout-column fusion_builder_column fusion-builder-column-6 fusion_builder_column_1_4 1_4 fusion-flex-column\" style=\"--awb-bg-size:cover;--awb-width-large:25%;--awb-margin-top-large:0px;--awb-spacing-right-large:7.68%;--awb-margin-bottom-large:20px;--awb-spacing-left-large:7.68%;--awb-width-medium:25%;--awb-order-medium:0;--awb-spacing-right-medium:7.68%;--awb-spacing-left-medium:7.68%;--awb-width-small:100%;--awb-order-small:0;--awb-spacing-right-small:1.92%;--awb-spacing-left-small:1.92%;\"><div class=\"fusion-column-wrapper fusion-column-has-shadow fusion-flex-justify-content-flex-start fusion-content-layout-column\"><div class=\"fusion-image-element \" style=\"text-align:center;--awb-caption-title-font-family:var(--h2_typography-font-family);--awb-caption-title-font-weight:var(--h2_typography-font-weight);--awb-caption-title-font-style:var(--h2_typography-font-style);--awb-caption-title-size:var(--h2_typography-font-size);--awb-caption-title-transform:var(--h2_typography-text-transform);--awb-caption-title-line-height:var(--h2_typography-line-height);--awb-caption-title-letter-spacing:var(--h2_typography-letter-spacing);\"><span class=\" fusion-imageframe imageframe-none imageframe-4 hover-type-none\"><a class=\"fusion-no-lightbox\" href=\"http:\/\/demainjememarie.com\/home\/le-retro-planning\/6-mois-a-4-mois-2\" target=\"_self\" aria-label=\"3-1mois\"><img decoding=\"async\" width=\"150\" height=\"150\" src=\"http:\/\/demainjememarie.com\/wp-content\/uploads\/2023\/12\/3-1mois-150x150.png\" alt class=\"img-responsive wp-image-89\" srcset=\"http:\/\/demainjememarie.com\/wp-content\/uploads\/2023\/12\/3-1mois-150x150.png 150w, http:\/\/demainjememarie.com\/wp-content\/uploads\/2023\/12\/3-1mois-200x200.png 200w\" sizes=\"(max-width: 150px) 100vw, 150px\" \/><\/a><\/span><\/div><\/div><\/div><div class=\"fusion-layout-column fusion_builder_column fusion-builder-column-7 fusion_builder_column_1_4 1_4 fusion-flex-column\" style=\"--awb-bg-size:cover;--awb-width-large:25%;--awb-margin-top-large:0px;--awb-spacing-right-large:7.68%;--awb-margin-bottom-large:20px;--awb-spacing-left-large:7.68%;--awb-width-medium:25%;--awb-order-medium:0;--awb-spacing-right-medium:7.68%;--awb-spacing-left-medium:7.68%;--awb-width-small:100%;--awb-order-small:0;--awb-spacing-right-small:1.92%;--awb-spacing-left-small:1.92%;\"><div class=\"fusion-column-wrapper fusion-column-has-shadow fusion-flex-justify-content-flex-start fusion-content-layout-column\"><div class=\"fusion-image-element \" style=\"text-align:center;--awb-caption-title-font-family:var(--h2_typography-font-family);--awb-caption-title-font-weight:var(--h2_typography-font-weight);--awb-caption-title-font-style:var(--h2_typography-font-style);--awb-caption-title-size:var(--h2_typography-font-size);--awb-caption-title-transform:var(--h2_typography-text-transform);--awb-caption-title-line-height:var(--h2_typography-line-height);--awb-caption-title-letter-spacing:var(--h2_typography-letter-spacing);\"><span class=\" fusion-imageframe imageframe-none imageframe-5 hover-type-none\"><a class=\"fusion-no-lightbox\" href=\"http:\/\/demainjememarie.com\/15-jours-avant-jusquau-jour-j\" target=\"_self\" aria-label=\"15j-jourJ\"><img decoding=\"async\" width=\"150\" height=\"150\" src=\"http:\/\/demainjememarie.com\/wp-content\/uploads\/2023\/12\/15j-jourJ-150x150.png\" alt class=\"img-responsive wp-image-92\" srcset=\"http:\/\/demainjememarie.com\/wp-content\/uploads\/2023\/12\/15j-jourJ-150x150.png 150w, http:\/\/demainjememarie.com\/wp-content\/uploads\/2023\/12\/15j-jourJ-200x200.png 200w\" sizes=\"(max-width: 150px) 100vw, 150px\" \/><\/a><\/span><\/div><\/div><\/div><\/div><\/div><\/p>\n","protected":false},"excerpt":{"rendered":"","protected":false},"author":1,"featured_media":69,"parent":152,"menu_order":0,"comment_status":"closed","ping_status":"closed","template":"100-width.php","meta":{"footnotes":""},"class_list":["post-298","page","type-page","status-publish","has-post-thumbnail","hentry"],"_links":{"self":[{"href":"http:\/\/demainjememarie.com\/index.php?rest_route=\/wp\/v2\/pages\/298","targetHints":{"allow":["GET"]}}],"collection":[{"href":"http:\/\/demainjememarie.com\/index.php?rest_route=\/wp\/v2\/pages"}],"about":[{"href":"http:\/\/demainjememarie.com\/index.php?rest_route=\/wp\/v2\/types\/page"}],"author":[{"embeddable":true,"href":"http:\/\/demainjememarie.com\/index.php?rest_route=\/wp\/v2\/users\/1"}],"replies":[{"embeddable":true,"href":"http:\/\/demainjememarie.com\/index.php?rest_route=%2Fwp%2Fv2%2Fcomments&post=298"}],"version-history":[{"count":16,"href":"http:\/\/demainjememarie.com\/index.php?rest_route=\/wp\/v2\/pages\/298\/revisions"}],"predecessor-version":[{"id":403,"href":"http:\/\/demainjememarie.com\/index.php?rest_route=\/wp\/v2\/pages\/298\/revisions\/403"}],"up":[{"embeddable":true,"href":"http:\/\/demainjememarie.com\/index.php?rest_route=\/wp\/v2\/pages\/152"}],"wp:featuredmedia":[{"embeddable":true,"href":"http:\/\/demainjememarie.com\/index.php?rest_route=\/wp\/v2\/media\/69"}],"wp:attachment":[{"href":"http:\/\/demainjememarie.com\/index.php?rest_route=%2Fwp%2Fv2%2Fmedia&parent=298"}],"curies":[{"name":"wp","href":"https:\/\/api.w.org\/{rel}","templated":true}]}}